{"id":28,"date":"2012-02-15T06:30:38","date_gmt":"2012-02-15T06:30:38","guid":{"rendered":"http:\/\/yasasintohumlar.org\/?page_id=28"},"modified":"2018-02-14T21:08:01","modified_gmt":"2018-02-14T19:08:01","slug":"tohum-takas-agi-projesi","status":"publish","type":"page","link":"https:\/\/yasasintohumlar.bugday.org\/?page_id=28","title":{"rendered":"Tohum Takas A\u011f\u0131 Projesi"},"content":{"rendered":"<p><!--:tr-->\u00dclkemizin sahip oldu\u011fu biyolojik ve k\u00fclt\u00fcrel \u00e7e\u015fitlilik hepimizin malumu. Biyolojik ve k\u00fclt\u00fcrel \u00e7e\u015fitlili\u011fin payda\u015f\u0131 olan bir di\u011fer \u00e7e\u015fitlilik de tar\u0131mda kullan\u0131lan bitkilerin \u00e7e\u015fitlili\u011fi. Tar\u0131msal genetik kaynaklar\u0131m\u0131z, gerek de\u011fi\u015fen piyasa \u015fartlar\u0131 ve buna ba\u011fl\u0131 olarak tar\u0131mda monok\u00fclt\u00fcrle\u015fme s\u00fcre\u00e7leri, gerek k\u0131rsal n\u00fcfusun azalmas\u0131 ve geleneklerini b\u0131rakmas\u0131 gerekse de do\u011fadaki de\u011fi\u015fim (iklim de\u011fi\u015fikli\u011fi gibi) s\u00fcre\u00e7leri nedeniyle ciddi oranda yok oluyor, azal\u0131yor ve b\u0131rak\u0131l\u0131yor. Buna bir de mevcut &#8220;ana-ak\u0131m&#8221; tar\u0131m sistemlerinin tektiplili\u011fi y\u00fcceltmesi, tohumu bir meta haline getirmek isteyen dev tar\u0131m \u015firketleri ve t\u00fcketicinin sa\u011fl\u0131kl\u0131 bilgiye ula\u015fmas\u0131n\u0131 \u00f6n\u00fcndeki engeller ekleniyor. Buraya kadar yazd\u0131klar\u0131m\u0131z, sofram\u0131za ula\u015fan g\u0131dayla ilgili her ge\u00e7en g\u00fcn a\u011f\u0131rla\u015fan ve \u00e7ok \u00f6nemli sorunlar\u0131n bir \u00f6zeti&#8230; Ve ama, her derdin oldu\u011fu gibi bunun da bir derman\u0131 var! <a href=\"http:\/\/www.bugday.org\/portal\/index.php\" target=\"_blank\" rel=\"noopener\">Bu\u011fday Ekolojik Ya\u015fam\u0131 Destekleme Derne\u011fi <\/a>i\u015fte bu dermanlar\u0131 bulmak, daha da do\u011frusu &#8220;bulu\u015fturmak&#8221; i\u00e7in \u00e7al\u0131\u015f\u0131yor. Uygulad\u0131\u011f\u0131m\u0131z Kat\u0131l\u0131mc\u0131 Kontrol ve Toplum Destekli Tar\u0131m gibi projelerle, %100 Ekolojik Pazarlar ve TaTuTa gibi modellerin tamam\u0131 bu &#8220;b\u00fct\u00fcne&#8221; hizmet ediyor. Tohum Takas A\u011f\u0131 projesi de, kat\u0131l\u0131mc\u0131 ve \u015feffaf bir y\u00f6ntemle y\u00fcr\u00fctt\u00fc\u011f\u00fcm\u00fcz, yerel tohumlar\u0131n devam\u0131 ve yayg\u0131nla\u015fmas\u0131 i\u00e7in \u00fczerinde y\u0131llard\u0131r \u00e7al\u0131\u015ft\u0131\u011f\u0131m\u0131z bir modelin bug\u00fcn itibariyle geldi\u011fimiz son noktas\u0131! Bu model dahilinde, \u00e7ift\u00e7ilerin ve kentlerde k\u0131smen de olsa kendi g\u0131das\u0131n\u0131 yeti\u015ftirenlerin yerel tohumlar\u0131 takas etmesi i\u00e7in kolayla\u015ft\u0131r\u0131c\u0131l\u0131k i\u015flevi g\u00f6r\u00fcyor, yerel tohumlar\u0131m\u0131z\u0131n &#8220;tohumdan tohuma&#8221; devinimlerini izlenebilir ve t\u00fcm bilgilere kat\u0131l\u0131mc\u0131 olarak ula\u015f\u0131labilir a\u00e7\u0131k platformlar yarat\u0131yoruz. Y\u00f6nlendirme Komitesi taraf\u0131ndan al\u0131nan kararlar \u0131\u015f\u0131\u011f\u0131nda ilerleyen projede ayr\u0131ca belli aral\u0131klarla \u00e7ift\u00e7ilerle bulu\u015fuyor, sorunlara ortak \u00e7\u00f6z\u00fcmler ar\u0131yor ve konunun uzman\u0131 akademisyenlerle \u00fcreticileri bir araya getirerek bilginin payla\u015f\u0131lmas\u0131n\u0131, hep beraber yarat\u0131lmas\u0131n\u0131 sa\u011fl\u0131yoruz. Projede neler yapt\u0131\u011f\u0131m\u0131z\u0131 bu web sitesindeki haberlerden takip edebilirsiniz. Tohum Takas A\u011f\u0131 projesini 2 senedir Ad\u0131m Ad\u0131m Olu\u015fumu&#8217;nun Bu\u011fday ve tohum dostu ko\u015fucular\u0131n\u0131n toplad\u0131klar\u0131 ba\u011f\u0131\u015flarla y\u00fcr\u00fct\u00fcyoruz. 2013 A\u011fustos itibariyle projemizin 2. senesini de b\u00fcy\u00fck bir ba\u015far\u0131 ve doygun g\u00fcl\u00fcmsemelerle kapat\u0131yoruz. Ve ama, yapacak o kadar \u00e7ok \u015fey var ki hala! Tam da bu nedenle, deste\u011finiz \u00e7ok \u00f6nemli! Siz de herhangi bir \u015fekilde destek olmak istiyorsan\u0131z, durukan@bugday.org adresiyle ileti\u015fime ge\u00e7ebilirsiniz. <a href=\"http:\/\/www.adimadim.org\/\" target=\"_blank\" rel=\"noopener\">Ad\u0131m Ad\u0131m Olu\u015fumu<\/a>&#8216;yla ko\u015farak ya da y\u00fcr\u00fcyerek Bu\u011fday i\u00e7in ba\u011f\u0131\u015f toplamak isterseniz de Ad\u0131m Ad\u0131m&#8217;la ileti\u015fime ge\u00e7in, &#8220;iyilik i\u00e7in ko\u015fun!&#8221;<\/p>\n<p>&nbsp;<\/p>\n<p><!--:--><!--:en--><strong>Seed bartering network campaign: A step forward for the seeds of the future&#8230;<\/strong><\/p>\n<p>The supporters of the seeds of the future will do \u2018a step forward\u2019 during the 35th Istanbul Marathon on the 17th of November, 2013. You could also take a step (or even run many steps!) for the seeds of the future, which are the valuable local seed varieties known and sown for hundreds of years, such as the \u2018Kavilca wheat\u2019, the \u2018crazy pea\u2019 or the \u2018pink tomato\u2019 during the Istanbul Marathon.<\/p>\n<p>The Bu\u011fday Association for Supporting Ecological Living in collaboration with the Ad\u0131m Ad\u0131m Initiative aims to pass on the local seed varieties inherited from our ancestors to the next generations by implementing the \u2018Seed Bartering Network\u2019 project. This project tries to find local seed varieties that are no longer cultivated and share them among different ecological farms to sow them, harvest the new seeds again and as such enlarge the barter network of these valuable local seed varieties. The Bu\u011fday Association, since it was founded, implements projects aiming for the conservation of Turkey\u2019s agro-biodiversity and for the (ecological, social and economical) sustainability of rural lifestyles. In 2007 for example, Bu\u011fday implemented a project entitled \u2018The Seed Network\u2019 aiming to bring together all stakeholders, including government bodies, NGOs, universities etc., to act together for the conservation of the agricultural biodiversity of Turkey. This network is still operational through \u2018The secretariat of the Seed Network and Traditional Farming Training\u2019 project implemented by the Emanetciler Association. Through its projects the Bu\u011fday Association raises awareness on the importance of conserving local seed varieties in many different aspects.<\/p>\n<p>With the \u2018Seed Bartering Network\u2019 project (which started in 2011), the Bu\u011fday Association also aims to set up a monitoring system for each seed variety that has been shared by farmers or hobby gardeners to the network from the beginning of the project to be able to conserve these heirloom seeds for the future. Finally, the project aims to set up a seed bartering network that includes all people willing to ecologically cultivate local seed varieties to support their conservation. The \u2018Seed Bartering Network\u2019 supporters will gather on the 17th of November in Istanbul for the seeds of the future and for the sustainability of life during the Istanbul Marathon.<\/p>\n<p>Through this campaign Bu\u011fday and the Ad\u0131m Ad\u0131m Initiative aim to collect 36.000 TL by literally taking a step forward. Donations gathered by the AA Runners will provide the means to cultivate and harvest new seeds of at least 20 local varieties. Donate now for the \u2018Kavilca wheat\u2019, the \u2018crazy pea\u2019, the \u2018pink tomato\u2019 and many other local seed varieties!<\/p>\n<p><!--:--><\/p>\n","protected":false},"excerpt":{"rendered":"<p>\u00dclkemizin sahip oldu\u011fu biyolojik ve k\u00fclt\u00fcrel \u00e7e\u015fitlilik hepimizin malumu. Biyolojik ve k\u00fclt\u00fcrel \u00e7e\u015fitlili\u011fin payda\u015f\u0131 olan bir di\u011fer \u00e7e\u015fitlilik de tar\u0131mda kullan\u0131lan bitkilerin \u00e7e\u015fitlili\u011fi. Tar\u0131msal genetik kaynaklar\u0131m\u0131z, gerek de\u011fi\u015fen piyasa \u015fartlar\u0131 ve buna ba\u011fl\u0131 olarak tar\u0131mda monok\u00fclt\u00fcrle\u015fme s\u00fcre\u00e7leri, gerek k\u0131rsal n\u00fcfusun &hellip; <a href=\"https:\/\/yasasintohumlar.bugday.org\/?page_id=28\">Continue reading <span class=\"meta-nav\">&rarr;<\/span><\/a><\/p>\n","protected":false},"author":8,"featured_media":0,"parent":0,"menu_order":1,"comment_status":"closed","ping_status":"closed","template":"sidebar-page.php","meta":{"footnotes":""},"_links":{"self":[{"href":"https:\/\/yasasintohumlar.bugday.org\/index.php?rest_route=\/wp\/v2\/pages\/28"}],"collection":[{"href":"https:\/\/yasasintohumlar.bugday.org\/index.php?rest_route=\/wp\/v2\/pages"}],"about":[{"href":"https:\/\/yasasintohumlar.bugday.org\/index.php?rest_route=\/wp\/v2\/types\/page"}],"author":[{"embeddable":true,"href":"https:\/\/yasasintohumlar.bugday.org\/index.php?rest_route=\/wp\/v2\/users\/8"}],"replies":[{"embeddable":true,"href":"https:\/\/yasasintohumlar.bugday.org\/index.php?rest_route=%2Fwp%2Fv2%2Fcomments&post=28"}],"version-history":[{"count":28,"href":"https:\/\/yasasintohumlar.bugday.org\/index.php?rest_route=\/wp\/v2\/pages\/28\/revisions"}],"predecessor-version":[{"id":612,"href":"https:\/\/yasasintohumlar.bugday.org\/index.php?rest_route=\/wp\/v2\/pages\/28\/revisions\/612"}],"wp:attachment":[{"href":"https:\/\/yasasintohumlar.bugday.org\/index.php?rest_route=%2Fwp%2Fv2%2Fmedia&parent=28"}],"curies":[{"name":"wp","href":"https:\/\/api.w.org\/{rel}","templated":true}]}}